{"id":32403,"date":"2022-03-24T02:14:16","date_gmt":"2022-03-24T00:14:16","guid":{"rendered":"https:\/\/cheztoni.ro\/produs\/djiej-jawaneh-chicken-wings\/"},"modified":"2022-12-14T00:03:37","modified_gmt":"2022-12-13T22:03:37","slug":"djiej-jawaneh-aripioare-de-pui-gustare-2","status":"publish","type":"product","link":"https:\/\/cheztoni.ro\/en\/preparate\/djiej-jawaneh-aripioare-de-pui-gustare-2\/","title":{"rendered":"Djiej Jawaneh \/ Chicken Wings"},"content":{"rendered":"","protected":false},"excerpt":{"rendered":"<p><span data-sheets-value=\"{\"1\":2,\"2\":\"aripioare de pui pr\u0103jite cu sos de l\u0103m\u00e2ie\"}\">chicken wings with lemon sauce<\/span><\/p>\n","protected":false},"featured_media":32238,"template":"","meta":{"_et_pb_use_builder":"","_et_pb_old_content":"","_et_gb_content_width":""},"product_cat":[116],"product_tag":[],"aioseo_notices":[],"_links":{"self":[{"href":"https:\/\/cheztoni.ro\/en\/wp-json\/wp\/v2\/product\/32403"}],"collection":[{"href":"https:\/\/cheztoni.ro\/en\/wp-json\/wp\/v2\/product"}],"about":[{"href":"https:\/\/cheztoni.ro\/en\/wp-json\/wp\/v2\/types\/product"}],"wp:featuredmedia":[{"embeddable":true,"href":"https:\/\/cheztoni.ro\/en\/wp-json\/wp\/v2\/media\/32238"}],"wp:attachment":[{"href":"https:\/\/cheztoni.ro\/en\/wp-json\/wp\/v2\/media?parent=32403"}],"wp:term":[{"taxonomy":"product_cat","embeddable":true,"href":"https:\/\/cheztoni.ro\/en\/wp-json\/wp\/v2\/product_cat?post=32403"},{"taxonomy":"product_tag","embeddable":true,"href":"https:\/\/cheztoni.ro\/en\/wp-json\/wp\/v2\/product_tag?post=32403"}],"curies":[{"name":"wp","href":"https:\/\/api.w.org\/{rel}","templated":true}]}}