{"id":32411,"date":"2022-03-29T00:02:29","date_gmt":"2022-03-28T21:02:29","guid":{"rendered":"https:\/\/cheztoni.ro\/produs\/coinvert-chicken\/"},"modified":"2022-12-14T00:03:38","modified_gmt":"2022-12-13T22:03:38","slug":"pui-coinvert-2","status":"publish","type":"product","link":"https:\/\/cheztoni.ro\/en\/preparate\/pui-coinvert-2\/","title":{"rendered":"Coinvert Chicken"},"content":{"rendered":"","protected":false},"excerpt":{"rendered":"<p><span data-sheets-value=\"{\"1\":2,\"2\":\"aripioare de pui pr\u0103jite cu sos de l\u0103m\u00e2ie\"}\">chicken breast, breadcrumbs, lemon, coriander, olive oil<\/span><\/p>\n","protected":false},"featured_media":32251,"template":"","meta":{"_et_pb_use_builder":"","_et_pb_old_content":"","_et_gb_content_width":""},"product_cat":[116],"product_tag":[],"aioseo_notices":[],"_links":{"self":[{"href":"https:\/\/cheztoni.ro\/en\/wp-json\/wp\/v2\/product\/32411"}],"collection":[{"href":"https:\/\/cheztoni.ro\/en\/wp-json\/wp\/v2\/product"}],"about":[{"href":"https:\/\/cheztoni.ro\/en\/wp-json\/wp\/v2\/types\/product"}],"wp:featuredmedia":[{"embeddable":true,"href":"https:\/\/cheztoni.ro\/en\/wp-json\/wp\/v2\/media\/32251"}],"wp:attachment":[{"href":"https:\/\/cheztoni.ro\/en\/wp-json\/wp\/v2\/media?parent=32411"}],"wp:term":[{"taxonomy":"product_cat","embeddable":true,"href":"https:\/\/cheztoni.ro\/en\/wp-json\/wp\/v2\/product_cat?post=32411"},{"taxonomy":"product_tag","embeddable":true,"href":"https:\/\/cheztoni.ro\/en\/wp-json\/wp\/v2\/product_tag?post=32411"}],"curies":[{"name":"wp","href":"https:\/\/api.w.org\/{rel}","templated":true}]}}